{"id":14923,"date":"2017-03-10T14:54:34","date_gmt":"2017-03-10T13:54:34","guid":{"rendered":"https:\/\/paycentive.de\/?page_id=14923\/"},"modified":"2020-11-18T13:37:04","modified_gmt":"2020-11-18T12:37:04","slug":"news","status":"publish","type":"page","link":"https:\/\/paycentive.de\/en\/news\/","title":{"rendered":"News"},"content":{"rendered":"<div class=\"fusion-fullwidth fullwidth-box fusion-builder-row-1 nonhundred-percent-fullwidth non-hundred-percent-height-scrolling\" style=\"background-color: transparent;background-position: left top;background-repeat: no-repeat;padding-top:0px;padding-right:0px;padding-bottom:0px;padding-left:0px;margin-bottom: 0px;margin-top: 0px;border-width: 0px 0px 0px 0px;border-color:#eae9e9;border-style:solid;\" ><div class=\"fusion-builder-row fusion-row\"><div class=\"fusion-layout-column fusion_builder_column fusion-builder-column-0 fusion_builder_column_1_1 1_1 fusion-one-full fusion-column-first fusion-column-last green-border rounded-border\" style=\"margin-top:0px;margin-bottom:20px;\"><div class=\"fusion-column-wrapper fusion-flex-column-wrapper-legacy\" style=\"background-position:left top;background-repeat:no-repeat;-webkit-background-size:cover;-moz-background-size:cover;-o-background-size:cover;background-size:cover;background-color:transparent;padding: 30px 60px 0px;;\"><div class=\"fusion-blog-shortcode fusion-blog-shortcode-1 fusion-blog-archive fusion-blog-layout-medium fusion-blog-infinite\"><div class=\"fusion-posts-container fusion-posts-container-infinite fusion-blog-rollover\" data-pages=\"1\"><article id=\"blog-1-post-15029\" class=\"fusion-post-medium post-15029 post type-post status-publish format-standard has-post-thumbnail hentry\">\n\t<style type=\"text\/css\">\n\t\t\n\t\t\n\t\t\n\t\t\n\t\t\t<\/style>\n\n\n\t\t\t<div class=\"fusion-flexslider flexslider fusion-flexslider-loading fusion-post-slideshow\" style=\"\">\n\t\t<ul class=\"slides\">\n\t\t\t\n\t\t\t\t\t\t\t\t\t\t\t\t\t\t<li><div  class=\"fusion-image-wrapper fusion-image-size-fixed\" aria-haspopup=\"true\">\n\t\t\t\t<div class=\"fusion-rollover\">\n\t<div class=\"fusion-rollover-content\">\n\n\t\t\t\t\t\t\t\t\t\t\t\t\t\t<a class=\"fusion-rollover-link\" href=\"https:\/\/paycentive.de\/en\/stadtsparkasse_muenchen_fuehrt_paycentive_ein\/\">Stadtsparkasse M\u00fcnchen f\u00fchrt Paycentive ein<\/a>\n\t\t\t\n\t\t\t\t\t\t\t\t\t\t\t\t\t\t\n\t\t\t\t\t\t\t\t\n\t\t\t\t\t\t\t\t\n\t\t\t\t\t\t\t\t\t\t\t\t\t\n\t\t\n\t\t\t\t\t\t\t\t\t\t\t\t<h4 class=\"fusion-rollover-title\">\n\t\t\t\t\t<a class=\"fusion-rollover-title-link\" href=\"https:\/\/paycentive.de\/en\/stadtsparkasse_muenchen_fuehrt_paycentive_ein\/\">\n\t\t\t\t\t\tStadtsparkasse M\u00fcnchen f\u00fchrt Paycentive ein\t\t\t\t\t<\/a>\n\t\t\t\t<\/h4>\n\t\t\t\n\t\t\t\t\t\t\t\t\t\t\t\t\t\t\t\n\t\t\n\t\t\t\t\t\t<a class=\"fusion-link-wrapper\" href=\"https:\/\/paycentive.de\/en\/stadtsparkasse_muenchen_fuehrt_paycentive_ein\/\" aria-label=\"Stadtsparkasse M\u00fcnchen f\u00fchrt Paycentive ein\"><\/a>\n\t<\/div>\n<\/div>\n<\/div>\n<\/li>\n\t\t\t\n\t\t\t\n\t\t\t\t\t\t\t\t\t\t\t\t\t\t\t\t\t\t\t\t\t\t\t\t\t\t\t\t\t\t\t\t\t\t\t\t\t\t\t\t\t\t\t\t\t\t\t\t\t\t\t\t\t\t\t\t\t\t\t\t\t\t\t\t\t\t\t\t<\/ul>\n\t<\/div>\n\t<div class=\"fusion-post-content post-content\"><h2 class=\"blog-shortcode-post-title entry-title\"><a href=\"https:\/\/paycentive.de\/en\/stadtsparkasse_muenchen_fuehrt_paycentive_ein\/\">Stadtsparkasse M\u00fcnchen f\u00fchrt Paycentive ein<\/a><\/h2><div class=\"fusion-post-content-container\"><p>Augsburg, 06.12.2016 \u2013\u00a0Die Stadtsparkasse M\u00fcnchen - eines der gr\u00f6\u00dften Institute der Sparkassengruppe - wird unter dem Label \u201eM\u00fcnchen-Vorteil\u201c das Paycentive Loyalty-Programm einf\u00fchren. Kunden der\u00a0Stadtsparkasse M\u00fcnchen\u00a0bekommen dadurch zuk\u00fcnftig einen Teil des Kaufpreises auf ihr Konto zur\u00fcck [...]<\/p><\/div><\/div><div class=\"fusion-clearfix\"><\/div><div class=\"fusion-meta-info\"><div class=\"fusion-alignleft\"><span class=\"vcard\" style=\"display: none;\"><span class=\"fn\"><a href=\"https:\/\/paycentive.de\/en\/author\/admin\/\" title=\"Posts by admin\" rel=\"author\">admin<\/a><\/span><\/span><span class=\"updated\" style=\"display:none;\">2017-04-04T08:11:25+02:00<\/span><span>December 6th, 2016<\/span><span class=\"fusion-inline-sep\">|<\/span>Uncategorized<span class=\"fusion-inline-sep\">|<\/span><span class=\"fusion-comments\"><span>Comments Off<span class=\"screen-reader-text\"> on Stadtsparkasse M\u00fcnchen f\u00fchrt Paycentive ein<\/span><\/span><\/span><\/div><\/div><\/article>\n<article id=\"blog-1-post-15031\" class=\"fusion-post-medium post-15031 post type-post status-publish format-standard has-post-thumbnail hentry\">\n\t<style type=\"text\/css\">\n\t\t\n\t\t\n\t\t\n\t\t\n\t\t\t<\/style>\n\n\n\t\t\t<div class=\"fusion-flexslider flexslider fusion-flexslider-loading fusion-post-slideshow\" style=\"\">\n\t\t<ul class=\"slides\">\n\t\t\t\n\t\t\t\t\t\t\t\t\t\t\t\t\t\t<li><div  class=\"fusion-image-wrapper fusion-image-size-fixed\" aria-haspopup=\"true\">\n\t\t\t\t<div class=\"fusion-rollover\">\n\t<div class=\"fusion-rollover-content\">\n\n\t\t\t\t\t\t\t\t\t\t\t\t\t\t<a class=\"fusion-rollover-link\" href=\"https:\/\/paycentive.de\/en\/sparkasse_bodensee_fuehrt_paycentive_ein\/\">Sparkasse Bodensee f\u00fchrt Paycentive ein<\/a>\n\t\t\t\n\t\t\t\t\t\t\t\t\t\t\t\t\t\t\n\t\t\t\t\t\t\t\t\n\t\t\t\t\t\t\t\t\n\t\t\t\t\t\t\t\t\t\t\t\t\t\n\t\t\n\t\t\t\t\t\t\t\t\t\t\t\t<h4 class=\"fusion-rollover-title\">\n\t\t\t\t\t<a class=\"fusion-rollover-title-link\" href=\"https:\/\/paycentive.de\/en\/sparkasse_bodensee_fuehrt_paycentive_ein\/\">\n\t\t\t\t\t\tSparkasse Bodensee f\u00fchrt Paycentive ein\t\t\t\t\t<\/a>\n\t\t\t\t<\/h4>\n\t\t\t\n\t\t\t\t\t\t\t\t\t\t\t\t\t\t\t\n\t\t\n\t\t\t\t\t\t<a class=\"fusion-link-wrapper\" href=\"https:\/\/paycentive.de\/en\/sparkasse_bodensee_fuehrt_paycentive_ein\/\" aria-label=\"Sparkasse Bodensee f\u00fchrt Paycentive ein\"><\/a>\n\t<\/div>\n<\/div>\n<\/div>\n<\/li>\n\t\t\t\n\t\t\t\n\t\t\t\t\t\t\t\t\t\t\t\t\t\t\t\t\t\t\t\t\t\t\t\t\t\t\t\t\t\t\t\t\t\t\t\t\t\t\t\t\t\t\t\t\t\t\t\t\t\t\t\t\t\t\t\t\t\t\t\t\t\t\t\t\t\t\t\t<\/ul>\n\t<\/div>\n\t<div class=\"fusion-post-content post-content\"><h2 class=\"blog-shortcode-post-title entry-title\"><a href=\"https:\/\/paycentive.de\/en\/sparkasse_bodensee_fuehrt_paycentive_ein\/\">Sparkasse Bodensee f\u00fchrt Paycentive ein<\/a><\/h2><div class=\"fusion-post-content-container\"><p>Augsburg 06.10.2016 \u2013 Die Sparkasse Bodensee wird bereits als 15. Institut der Sparkassengruppe das Paycentive Loyalty-Programm einf\u00fchren und damit ihre Kontenmodelle aufwerten. Auch die Kunden der Sparkasse Bodensee bekommen dadurch zuk\u00fcnftig einen Teil des Kaufpreises [...]<\/p><\/div><\/div><div class=\"fusion-clearfix\"><\/div><div class=\"fusion-meta-info\"><div class=\"fusion-alignleft\"><span class=\"vcard\" style=\"display: none;\"><span class=\"fn\"><a href=\"https:\/\/paycentive.de\/en\/author\/admin\/\" title=\"Posts by admin\" rel=\"author\">admin<\/a><\/span><\/span><span class=\"updated\" style=\"display:none;\">2017-04-04T08:11:59+02:00<\/span><span>October 6th, 2016<\/span><span class=\"fusion-inline-sep\">|<\/span>Uncategorized<span class=\"fusion-inline-sep\">|<\/span><span class=\"fusion-comments\"><span>Comments Off<span class=\"screen-reader-text\"> on Sparkasse Bodensee f\u00fchrt Paycentive ein<\/span><\/span><\/span><\/div><\/div><\/article>\n<article id=\"blog-1-post-15033\" class=\"fusion-post-medium post-15033 post type-post status-publish format-standard has-post-thumbnail hentry\">\n\t<style type=\"text\/css\">\n\t\t\n\t\t\n\t\t\n\t\t\n\t\t\t<\/style>\n\n\n\t\t\t<div class=\"fusion-flexslider flexslider fusion-flexslider-loading fusion-post-slideshow\" style=\"\">\n\t\t<ul class=\"slides\">\n\t\t\t\n\t\t\t\t\t\t\t\t\t\t\t\t\t\t<li><div  class=\"fusion-image-wrapper fusion-image-size-fixed\" aria-haspopup=\"true\">\n\t\t\t\t<div class=\"fusion-rollover\">\n\t<div class=\"fusion-rollover-content\">\n\n\t\t\t\t\t\t\t\t\t\t\t\t\t\t<a class=\"fusion-rollover-link\" href=\"https:\/\/paycentive.de\/en\/kreissparkasse_rottweil_fuehrt_paycentive_ein\/\">Kreissparkasse Rottweil f\u00fchrt Paycentive ein<\/a>\n\t\t\t\n\t\t\t\t\t\t\t\t\t\t\t\t\t\t\n\t\t\t\t\t\t\t\t\n\t\t\t\t\t\t\t\t\n\t\t\t\t\t\t\t\t\t\t\t\t\t\n\t\t\n\t\t\t\t\t\t\t\t\t\t\t\t<h4 class=\"fusion-rollover-title\">\n\t\t\t\t\t<a class=\"fusion-rollover-title-link\" href=\"https:\/\/paycentive.de\/en\/kreissparkasse_rottweil_fuehrt_paycentive_ein\/\">\n\t\t\t\t\t\tKreissparkasse Rottweil f\u00fchrt Paycentive ein\t\t\t\t\t<\/a>\n\t\t\t\t<\/h4>\n\t\t\t\n\t\t\t\t\t\t\t\t\t\t\t\t\t\t\t\n\t\t\n\t\t\t\t\t\t<a class=\"fusion-link-wrapper\" href=\"https:\/\/paycentive.de\/en\/kreissparkasse_rottweil_fuehrt_paycentive_ein\/\" aria-label=\"Kreissparkasse Rottweil f\u00fchrt Paycentive ein\"><\/a>\n\t<\/div>\n<\/div>\n<\/div>\n<\/li>\n\t\t\t\n\t\t\t\n\t\t\t\t\t\t\t\t\t\t\t\t\t\t\t\t\t\t\t\t\t\t\t\t\t\t\t\t\t\t\t\t\t\t\t\t\t\t\t\t\t\t\t\t\t\t\t\t\t\t\t\t\t\t\t\t\t\t\t\t\t\t\t\t\t\t\t\t<\/ul>\n\t<\/div>\n\t<div class=\"fusion-post-content post-content\"><h2 class=\"blog-shortcode-post-title entry-title\"><a href=\"https:\/\/paycentive.de\/en\/kreissparkasse_rottweil_fuehrt_paycentive_ein\/\">Kreissparkasse Rottweil f\u00fchrt Paycentive ein<\/a><\/h2><div class=\"fusion-post-content-container\"><p>Augsburg 31.08.2016 \u2013 Mit der\u00a0Kreissparkasse Rottweil\u00a0wird\u00a0ein weiteres Institut der Sparkassengruppe das Paycentive Loyalty-Programm der card4you AG einf\u00fchren. Nachdem im Juli bereits die Stadtsparkasse D\u00fcsseldorf die Einf\u00fchrung von Paycentive bekannt gab, setzen damit\u00a0aktuell bereits 14 Sparkassen [...]<\/p><\/div><\/div><div class=\"fusion-clearfix\"><\/div><div class=\"fusion-meta-info\"><div class=\"fusion-alignleft\"><span class=\"vcard\" style=\"display: none;\"><span class=\"fn\"><a href=\"https:\/\/paycentive.de\/en\/author\/admin\/\" title=\"Posts by admin\" rel=\"author\">admin<\/a><\/span><\/span><span class=\"updated\" style=\"display:none;\">2017-04-04T08:12:27+02:00<\/span><span>August 31st, 2016<\/span><span class=\"fusion-inline-sep\">|<\/span>Uncategorized<span class=\"fusion-inline-sep\">|<\/span><span class=\"fusion-comments\"><span>Comments Off<span class=\"screen-reader-text\"> on Kreissparkasse Rottweil f\u00fchrt Paycentive ein<\/span><\/span><\/span><\/div><\/div><\/article>\n<article id=\"blog-1-post-15035\" class=\"fusion-post-medium post-15035 post type-post status-publish format-standard has-post-thumbnail hentry\">\n\t<style type=\"text\/css\">\n\t\t\n\t\t\n\t\t\n\t\t\n\t\t\t<\/style>\n\n\n\t\t\t<div class=\"fusion-flexslider flexslider fusion-flexslider-loading fusion-post-slideshow\" style=\"\">\n\t\t<ul class=\"slides\">\n\t\t\t\n\t\t\t\t\t\t\t\t\t\t\t\t\t\t<li><div  class=\"fusion-image-wrapper fusion-image-size-fixed\" aria-haspopup=\"true\">\n\t\t\t\t<div class=\"fusion-rollover\">\n\t<div class=\"fusion-rollover-content\">\n\n\t\t\t\t\t\t\t\t\t\t\t\t\t\t<a class=\"fusion-rollover-link\" href=\"https:\/\/paycentive.de\/en\/schon_ueber_1-000_stationaere_paycentive-handelspartner\/\">Schon \u00fcber 1.000 station\u00e4re Paycentive-Handelspartner<\/a>\n\t\t\t\n\t\t\t\t\t\t\t\t\t\t\t\t\t\t\n\t\t\t\t\t\t\t\t\n\t\t\t\t\t\t\t\t\n\t\t\t\t\t\t\t\t\t\t\t\t\t\n\t\t\n\t\t\t\t\t\t\t\t\t\t\t\t<h4 class=\"fusion-rollover-title\">\n\t\t\t\t\t<a class=\"fusion-rollover-title-link\" href=\"https:\/\/paycentive.de\/en\/schon_ueber_1-000_stationaere_paycentive-handelspartner\/\">\n\t\t\t\t\t\tSchon \u00fcber 1.000 station\u00e4re Paycentive-Handelspartner\t\t\t\t\t<\/a>\n\t\t\t\t<\/h4>\n\t\t\t\n\t\t\t\t\t\t\t\t\t\t\t\t\t\t\t\n\t\t\n\t\t\t\t\t\t<a class=\"fusion-link-wrapper\" href=\"https:\/\/paycentive.de\/en\/schon_ueber_1-000_stationaere_paycentive-handelspartner\/\" aria-label=\"Schon \u00fcber 1.000 station\u00e4re Paycentive-Handelspartner\"><\/a>\n\t<\/div>\n<\/div>\n<\/div>\n<\/li>\n\t\t\t\n\t\t\t\n\t\t\t\t\t\t\t\t\t\t\t\t\t\t\t\t\t\t\t\t\t\t\t\t\t\t\t\t\t\t\t\t\t\t\t\t\t\t\t\t\t\t\t\t\t\t\t\t\t\t\t\t\t\t\t\t\t\t\t\t\t\t\t\t\t\t\t\t<\/ul>\n\t<\/div>\n\t<div class=\"fusion-post-content post-content\"><h2 class=\"blog-shortcode-post-title entry-title\"><a href=\"https:\/\/paycentive.de\/en\/schon_ueber_1-000_stationaere_paycentive-handelspartner\/\">Schon \u00fcber 1.000 station\u00e4re Paycentive-Handelspartner<\/a><\/h2><div class=\"fusion-post-content-container\"><p>Das Wachstumstempo von Paycentive ist auch im Bereich der Handelspartner ungebrochen.\u00a0Die Schallmauer von 1.000 Shopping-Partnern wurde durchbrochen und wir steuern auf die 1.500er-Marke zu. Dies f\u00fchrt erfreulicherweise auch zu dem Effekt, dass Kunden zunehmend auch [...]<\/p><\/div><\/div><div class=\"fusion-clearfix\"><\/div><div class=\"fusion-meta-info\"><div class=\"fusion-alignleft\"><span class=\"vcard\" style=\"display: none;\"><span class=\"fn\"><a href=\"https:\/\/paycentive.de\/en\/author\/admin\/\" title=\"Posts by admin\" rel=\"author\">admin<\/a><\/span><\/span><span class=\"updated\" style=\"display:none;\">2017-04-04T08:12:59+02:00<\/span><span>August 5th, 2016<\/span><span class=\"fusion-inline-sep\">|<\/span>Uncategorized<span class=\"fusion-inline-sep\">|<\/span><span class=\"fusion-comments\"><span>Comments Off<span class=\"screen-reader-text\"> on Schon \u00fcber 1.000 station\u00e4re Paycentive-Handelspartner<\/span><\/span><\/span><\/div><\/div><\/article>\n<article id=\"blog-1-post-15037\" class=\"fusion-post-medium post-15037 post type-post status-publish format-standard has-post-thumbnail hentry\">\n\t<style type=\"text\/css\">\n\t\t\n\t\t\n\t\t\n\t\t\n\t\t\t<\/style>\n\n\n\t\t\t<div class=\"fusion-flexslider flexslider fusion-flexslider-loading fusion-post-slideshow\" style=\"\">\n\t\t<ul class=\"slides\">\n\t\t\t\n\t\t\t\t\t\t\t\t\t\t\t\t\t\t<li><div  class=\"fusion-image-wrapper fusion-image-size-fixed\" aria-haspopup=\"true\">\n\t\t\t\t<div class=\"fusion-rollover\">\n\t<div class=\"fusion-rollover-content\">\n\n\t\t\t\t\t\t\t\t\t\t\t\t\t\t<a class=\"fusion-rollover-link\" href=\"https:\/\/paycentive.de\/en\/joerg-schietinger-und-lars-wilde-in-vorstand-berufen\/\">J\u00f6rg Schietinger und Lars Wilde in Vorstand berufen<\/a>\n\t\t\t\n\t\t\t\t\t\t\t\t\t\t\t\t\t\t\n\t\t\t\t\t\t\t\t\n\t\t\t\t\t\t\t\t\n\t\t\t\t\t\t\t\t\t\t\t\t\t\n\t\t\n\t\t\t\t\t\t\t\t\t\t\t\t<h4 class=\"fusion-rollover-title\">\n\t\t\t\t\t<a class=\"fusion-rollover-title-link\" href=\"https:\/\/paycentive.de\/en\/joerg-schietinger-und-lars-wilde-in-vorstand-berufen\/\">\n\t\t\t\t\t\tJ\u00f6rg Schietinger und Lars Wilde in Vorstand berufen\t\t\t\t\t<\/a>\n\t\t\t\t<\/h4>\n\t\t\t\n\t\t\t\t\t\t\t\t\t\t\t\t\t\t\t\n\t\t\n\t\t\t\t\t\t<a class=\"fusion-link-wrapper\" href=\"https:\/\/paycentive.de\/en\/joerg-schietinger-und-lars-wilde-in-vorstand-berufen\/\" aria-label=\"J\u00f6rg Schietinger und Lars Wilde in Vorstand berufen\"><\/a>\n\t<\/div>\n<\/div>\n<\/div>\n<\/li>\n\t\t\t\n\t\t\t\n\t\t\t\t\t\t\t\t\t\t\t\t\t\t\t\t\t\t\t\t\t\t\t\t\t\t\t\t\t\t\t\t\t\t\t\t\t\t\t\t\t\t\t\t\t\t\t\t\t\t\t\t\t\t\t\t\t\t\t\t\t\t\t\t\t\t\t\t<\/ul>\n\t<\/div>\n\t<div class=\"fusion-post-content post-content\"><h2 class=\"blog-shortcode-post-title entry-title\"><a href=\"https:\/\/paycentive.de\/en\/joerg-schietinger-und-lars-wilde-in-vorstand-berufen\/\">J\u00f6rg Schietinger und Lars Wilde in Vorstand berufen<\/a><\/h2><div class=\"fusion-post-content-container\"><p>J\u00f6rg Schietinger (45) und Lars Wilde (37) wurden zum 1. Juli 2016 in den Vorstand der card4you AG berufen. Schietinger verantwortet nun als Chief Sales Officer (CSO) die Bereiche Sales &amp; Business Development. Wilde, in [...]<\/p><\/div><\/div><div class=\"fusion-clearfix\"><\/div><div class=\"fusion-meta-info\"><div class=\"fusion-alignleft\"><span class=\"vcard\" style=\"display: none;\"><span class=\"fn\"><a href=\"https:\/\/paycentive.de\/en\/author\/admin\/\" title=\"Posts by admin\" rel=\"author\">admin<\/a><\/span><\/span><span class=\"updated\" style=\"display:none;\">2017-04-04T08:13:23+02:00<\/span><span>July 16th, 2016<\/span><span class=\"fusion-inline-sep\">|<\/span>Uncategorized<span class=\"fusion-inline-sep\">|<\/span><span class=\"fusion-comments\"><span>Comments Off<span class=\"screen-reader-text\"> on J\u00f6rg Schietinger und Lars Wilde in Vorstand berufen<\/span><\/span><\/span><\/div><\/div><\/article>\n<\/div><\/div><div class=\"fusion-clearfix\"><\/div><\/div><\/div><\/div><\/div>\n","protected":false},"excerpt":{"rendered":"","protected":false},"author":1,"featured_media":0,"parent":0,"menu_order":0,"comment_status":"closed","ping_status":"open","template":"side-navigation.php","meta":[],"acf":[],"_links":{"self":[{"href":"https:\/\/paycentive.de\/en\/wp-json\/wp\/v2\/pages\/14923"}],"collection":[{"href":"https:\/\/paycentive.de\/en\/wp-json\/wp\/v2\/pages"}],"about":[{"href":"https:\/\/paycentive.de\/en\/wp-json\/wp\/v2\/types\/page"}],"author":[{"embeddable":true,"href":"https:\/\/paycentive.de\/en\/wp-json\/wp\/v2\/users\/1"}],"replies":[{"embeddable":true,"href":"https:\/\/paycentive.de\/en\/wp-json\/wp\/v2\/comments?post=14923"}],"version-history":[{"count":1,"href":"https:\/\/paycentive.de\/en\/wp-json\/wp\/v2\/pages\/14923\/revisions"}],"predecessor-version":[{"id":14924,"href":"https:\/\/paycentive.de\/en\/wp-json\/wp\/v2\/pages\/14923\/revisions\/14924"}],"wp:attachment":[{"href":"https:\/\/paycentive.de\/en\/wp-json\/wp\/v2\/media?parent=14923"}],"curies":[{"name":"wp","href":"https:\/\/api.w.org\/{rel}","templated":true}]}}